{"id":39,"date":"2019-05-27T22:32:47","date_gmt":"2019-05-27T20:32:47","guid":{"rendered":"http:\/\/www.tphasen.de\/wordpress\/?page_id=39"},"modified":"2023-01-29T15:06:52","modified_gmt":"2023-01-29T14:06:52","slug":"anmeldung","status":"publish","type":"page","link":"https:\/\/www.tphasen.de\/wordpress\/tphasen-e-v\/verein\/anmeldung\/","title":{"rendered":"Anmeldung"},"content":{"rendered":"\n<p>Gerne k\u00f6nnen Sie ein Anmeldeformular online ausf\u00fcllen!<\/p>\n\n\n\n<div class=\"wp-block-contact-form-7-contact-form-selector\">\n<div class=\"wpcf7 no-js\" id=\"wpcf7-f488-o1\" lang=\"de-DE\" dir=\"ltr\" data-wpcf7-id=\"488\">\n<div class=\"screen-reader-response\"><p role=\"status\" aria-live=\"polite\" aria-atomic=\"true\"><\/p> <ul><\/ul><\/div>\n<form action=\"\/wordpress\/wp-json\/wp\/v2\/pages\/39#wpcf7-f488-o1\" method=\"post\" class=\"wpcf7-form init\" aria-label=\"Kontaktformular\" novalidate=\"novalidate\" data-status=\"init\">\n<fieldset class=\"hidden-fields-container\"><input type=\"hidden\" name=\"_wpcf7\" value=\"488\" \/><input type=\"hidden\" name=\"_wpcf7_version\" value=\"6.1.1\" \/><input type=\"hidden\" name=\"_wpcf7_locale\" value=\"de_DE\" \/><input type=\"hidden\" name=\"_wpcf7_unit_tag\" value=\"wpcf7-f488-o1\" \/><input type=\"hidden\" name=\"_wpcf7_container_post\" value=\"0\" \/><input type=\"hidden\" name=\"_wpcf7_posted_data_hash\" value=\"\" \/>\n<\/fieldset>\n<p><label> Name der Eltern<br \/>\n<span class=\"wpcf7-form-control-wrap\" data-name=\"name-der-eltern\"><input size=\"40\" maxlength=\"400\" class=\"wpcf7-form-control wpcf7-text wpcf7-validates-as-required\" autocomplete=\"name\" aria-required=\"true\" aria-invalid=\"false\" value=\"\" type=\"text\" name=\"name-der-eltern\" \/><\/span> <\/label>\n<\/p>\n<p><label> Name des Kindes<br \/>\n<span class=\"wpcf7-form-control-wrap\" data-name=\"name-des-kindes\"><input size=\"40\" maxlength=\"400\" class=\"wpcf7-form-control wpcf7-text wpcf7-validates-as-required\" autocomplete=\"name\" aria-required=\"true\" aria-invalid=\"false\" value=\"\" type=\"text\" name=\"name-des-kindes\" \/><\/span> <\/label>\n<\/p>\n<p><label> Adresse<br \/>\n<span class=\"wpcf7-form-control-wrap\" data-name=\"adresse\"><input size=\"40\" maxlength=\"400\" class=\"wpcf7-form-control wpcf7-text wpcf7-validates-as-required\" autocomplete=\"name\" aria-required=\"true\" aria-invalid=\"false\" value=\"\" type=\"text\" name=\"adresse\" \/><\/span> <\/label>\n<\/p>\n<p><label> Telefon<br \/>\n<span class=\"wpcf7-form-control-wrap\" data-name=\"telefon\"><input size=\"40\" maxlength=\"400\" class=\"wpcf7-form-control wpcf7-tel wpcf7-text wpcf7-validates-as-tel\" aria-invalid=\"false\" value=\"\" type=\"tel\" name=\"telefon\" \/><\/span> <\/label>\n<\/p>\n<p><label> E-Mail-Adresse<br \/>\n<span class=\"wpcf7-form-control-wrap\" data-name=\"email\"><input size=\"40\" maxlength=\"400\" class=\"wpcf7-form-control wpcf7-email wpcf7-validates-as-required wpcf7-text wpcf7-validates-as-email\" aria-required=\"true\" aria-invalid=\"false\" value=\"\" type=\"email\" name=\"email\" \/><\/span> <\/label>\n<\/p>\n<p><label> (voraussichtliches) Geburtsdatum des Kindes<br \/>\n<span class=\"wpcf7-form-control-wrap\" data-name=\"geburtsdatum\"><input class=\"wpcf7-form-control wpcf7-date wpcf7-validates-as-required wpcf7-validates-as-date\" aria-required=\"true\" aria-invalid=\"false\" value=\"\" type=\"date\" name=\"geburtsdatum\" \/><\/span> <\/label>\n<\/p>\n<p><label> Arbeitgeber<br \/>\n<span class=\"wpcf7-form-control-wrap\" data-name=\"arbeitgeber\"><input size=\"40\" maxlength=\"400\" class=\"wpcf7-form-control wpcf7-text wpcf7-validates-as-required\" aria-required=\"true\" aria-invalid=\"false\" value=\"\" type=\"text\" name=\"arbeitgeber\" \/><\/span> <\/label>\n<\/p>\n<p><span class=\"wpcf7-form-control-wrap\" data-name=\"Betreuungsumfang\"><span class=\"wpcf7-form-control wpcf7-radio\"><span class=\"wpcf7-list-item first\"><label><input type=\"radio\" name=\"Betreuungsumfang\" value=\"35\" checked=\"checked\" \/><span class=\"wpcf7-list-item-label\">35<\/span><\/label><\/span><span class=\"wpcf7-list-item last\"><label><input type=\"radio\" name=\"Betreuungsumfang\" value=\"45\" \/><span class=\"wpcf7-list-item-label\">45<\/span><\/label><\/span><\/span><\/span>\n<\/p>\n<p><label> Betreuung gew\u00fcnscht ab<br \/>\n<span class=\"wpcf7-form-control-wrap\" data-name=\"betreuungsstart\"><input class=\"wpcf7-form-control wpcf7-date wpcf7-validates-as-required wpcf7-validates-as-date\" aria-required=\"true\" aria-invalid=\"false\" value=\"\" type=\"date\" name=\"betreuungsstart\" \/><\/span> <\/label>\n<\/p>\n<p><input class=\"wpcf7-form-control wpcf7-submit has-spinner\" type=\"submit\" value=\"Senden\" \/>\n<\/p><div class=\"wpcf7-response-output\" aria-hidden=\"true\"><\/div>\n<\/form>\n<\/div>\n<\/div>\n\n\n\n<p>Im\n Sinne der Ende Mai 2018 in Kraft getretenen Datenschutzverordnung \ninformieren wir Sie dar\u00fcber, dass die von Ihnen angegebenen Daten im \nRegistrierungsformular vertraulich behandelt und in keinem Fall an \nDritte weitergegeben werden. Sie dienen ausschlie\u00dflich zur Erstellung \neiner Anmeldeliste f\u00fcr die Kita und erm\u00f6glichen uns die Kontaktaufnahme \nmit Ihnen. <\/p>\n","protected":false},"excerpt":{"rendered":"<p>Gerne k\u00f6nnen Sie ein Anmeldeformular online ausf\u00fcllen! Im Sinne der Ende Mai 2018 in Kraft getretenen Datenschutzverordnung informieren wir Sie dar\u00fcber, dass die von Ihnen angegebenen Daten im Registrierungsformular vertraulich behandelt und in keinem Fall an Dritte weitergegeben werden. Sie dienen ausschlie\u00dflich zur Erstellung einer Anmeldeliste f\u00fcr die Kita und erm\u00f6glichen uns die Kontaktaufnahme mit &hellip; <\/p>\n<p class=\"link-more\"><a href=\"https:\/\/www.tphasen.de\/wordpress\/tphasen-e-v\/verein\/anmeldung\/\" class=\"more-link\"><span class=\"screen-reader-text\">\u201eAnmeldung\u201c<\/span> weiterlesen<\/a><\/p>\n","protected":false},"author":1,"featured_media":0,"parent":9,"menu_order":0,"comment_status":"closed","ping_status":"closed","template":"","meta":{"footnotes":""},"class_list":["post-39","page","type-page","status-publish","hentry"],"_links":{"self":[{"href":"https:\/\/www.tphasen.de\/wordpress\/wp-json\/wp\/v2\/pages\/39","targetHints":{"allow":["GET"]}}],"collection":[{"href":"https:\/\/www.tphasen.de\/wordpress\/wp-json\/wp\/v2\/pages"}],"about":[{"href":"https:\/\/www.tphasen.de\/wordpress\/wp-json\/wp\/v2\/types\/page"}],"author":[{"embeddable":true,"href":"https:\/\/www.tphasen.de\/wordpress\/wp-json\/wp\/v2\/users\/1"}],"replies":[{"embeddable":true,"href":"https:\/\/www.tphasen.de\/wordpress\/wp-json\/wp\/v2\/comments?post=39"}],"version-history":[{"count":5,"href":"https:\/\/www.tphasen.de\/wordpress\/wp-json\/wp\/v2\/pages\/39\/revisions"}],"predecessor-version":[{"id":490,"href":"https:\/\/www.tphasen.de\/wordpress\/wp-json\/wp\/v2\/pages\/39\/revisions\/490"}],"up":[{"embeddable":true,"href":"https:\/\/www.tphasen.de\/wordpress\/wp-json\/wp\/v2\/pages\/9"}],"wp:attachment":[{"href":"https:\/\/www.tphasen.de\/wordpress\/wp-json\/wp\/v2\/media?parent=39"}],"curies":[{"name":"wp","href":"https:\/\/api.w.org\/{rel}","templated":true}]}}