{"id":71,"date":"2019-05-27T23:11:32","date_gmt":"2019-05-27T21:11:32","guid":{"rendered":"http:\/\/www.tphasen.de\/wordpress\/?page_id=71"},"modified":"2019-05-27T23:36:27","modified_gmt":"2019-05-27T21:36:27","slug":"raeumlichkeiten","status":"publish","type":"page","link":"https:\/\/www.tphasen.de\/wordpress\/tphasen-e-v\/konzeption\/raeumlichkeiten\/","title":{"rendered":"R\u00e4umlichkeiten"},"content":{"rendered":"\n<p>Unsere  KiTa bietet zwei helle und freundliche ebenerdige Gruppenr\u00e4ume mit  direktem Zugang zum Au\u00dfengel\u00e4nde, welches zum Toben, Spielen, Buddeln,  G\u00e4rtnern usw. einl\u00e4dt.<\/p>\n\n\n\n<ul class=\"wp-block-gallery columns-3 is-cropped wp-block-gallery-1 is-layout-flex wp-block-gallery-is-layout-flex\"><li class=\"blocks-gallery-item\"><figure><a href=\"https:\/\/www.tphasen.de\/wordpress\/wp-content\/uploads\/2019\/05\/IMG-0352.jpg\"><img loading=\"lazy\" decoding=\"async\" width=\"1000\" height=\"667\" src=\"https:\/\/www.tphasen.de\/wordpress\/wp-content\/uploads\/2019\/05\/IMG-0352.jpg\" alt=\"\" data-id=\"103\" data-link=\"https:\/\/www.tphasen.de\/wordpress\/img-0352\/\" class=\"wp-image-103\" srcset=\"https:\/\/www.tphasen.de\/wordpress\/wp-content\/uploads\/2019\/05\/IMG-0352.jpg 1000w, https:\/\/www.tphasen.de\/wordpress\/wp-content\/uploads\/2019\/05\/IMG-0352-300x200.jpg 300w, https:\/\/www.tphasen.de\/wordpress\/wp-content\/uploads\/2019\/05\/IMG-0352-768x512.jpg 768w\" sizes=\"auto, (max-width: 706px) 89vw, (max-width: 767px) 82vw, 740px\" \/><\/a><\/figure><\/li><li class=\"blocks-gallery-item\"><figure><a href=\"https:\/\/www.tphasen.de\/wordpress\/wp-content\/uploads\/2019\/05\/IMG-0316.jpg\"><img loading=\"lazy\" decoding=\"async\" width=\"1000\" height=\"667\" src=\"https:\/\/www.tphasen.de\/wordpress\/wp-content\/uploads\/2019\/05\/IMG-0316.jpg\" alt=\"\" data-id=\"76\" data-link=\"https:\/\/www.tphasen.de\/wordpress\/img-0316\/\" class=\"wp-image-76\" srcset=\"https:\/\/www.tphasen.de\/wordpress\/wp-content\/uploads\/2019\/05\/IMG-0316.jpg 1000w, https:\/\/www.tphasen.de\/wordpress\/wp-content\/uploads\/2019\/05\/IMG-0316-300x200.jpg 300w, https:\/\/www.tphasen.de\/wordpress\/wp-content\/uploads\/2019\/05\/IMG-0316-768x512.jpg 768w\" sizes=\"auto, (max-width: 706px) 89vw, (max-width: 767px) 82vw, 740px\" \/><\/a><\/figure><\/li><li class=\"blocks-gallery-item\"><figure><a href=\"https:\/\/www.tphasen.de\/wordpress\/wp-content\/uploads\/2019\/05\/IMG-0343.jpg\"><img loading=\"lazy\" decoding=\"async\" width=\"667\" height=\"1000\" src=\"https:\/\/www.tphasen.de\/wordpress\/wp-content\/uploads\/2019\/05\/IMG-0343.jpg\" alt=\"\" data-id=\"95\" data-link=\"https:\/\/www.tphasen.de\/wordpress\/img-0343\/\" class=\"wp-image-95\" srcset=\"https:\/\/www.tphasen.de\/wordpress\/wp-content\/uploads\/2019\/05\/IMG-0343.jpg 667w, https:\/\/www.tphasen.de\/wordpress\/wp-content\/uploads\/2019\/05\/IMG-0343-200x300.jpg 200w\" sizes=\"auto, (max-width: 667px) 100vw, 667px\" \/><\/a><\/figure><\/li><\/ul>\n\n\n\n<p>F\u00fcr\n das kreative Spielen warten auf der Empore oberhalb der Gruppenr\u00e4ume \nzwei die Sinne ansprechende R\u00e4ume. Ebenfalls findet man oben f\u00fcr jede \nGruppe einen Schlafraum mit Bettchen f\u00fcr unsere Hasen.<\/p>\n\n\n\n<ul class=\"wp-block-gallery columns-3 is-cropped wp-block-gallery-2 is-layout-flex wp-block-gallery-is-layout-flex\"><li class=\"blocks-gallery-item\"><figure><a href=\"https:\/\/www.tphasen.de\/wordpress\/wp-content\/uploads\/2019\/05\/IMG-0337.jpg\"><img loading=\"lazy\" decoding=\"async\" width=\"667\" height=\"1000\" src=\"https:\/\/www.tphasen.de\/wordpress\/wp-content\/uploads\/2019\/05\/IMG-0337.jpg\" alt=\"\" data-id=\"91\" data-link=\"https:\/\/www.tphasen.de\/wordpress\/img-0337\/\" class=\"wp-image-91\" srcset=\"https:\/\/www.tphasen.de\/wordpress\/wp-content\/uploads\/2019\/05\/IMG-0337.jpg 667w, https:\/\/www.tphasen.de\/wordpress\/wp-content\/uploads\/2019\/05\/IMG-0337-200x300.jpg 200w\" sizes=\"auto, (max-width: 667px) 100vw, 667px\" \/><\/a><\/figure><\/li><li class=\"blocks-gallery-item\"><figure><a href=\"https:\/\/www.tphasen.de\/wordpress\/wp-content\/uploads\/2019\/05\/IMG-0336.jpg\"><img loading=\"lazy\" decoding=\"async\" width=\"1000\" height=\"667\" src=\"https:\/\/www.tphasen.de\/wordpress\/wp-content\/uploads\/2019\/05\/IMG-0336.jpg\" alt=\"\" data-id=\"90\" data-link=\"https:\/\/www.tphasen.de\/wordpress\/img-0336\/\" class=\"wp-image-90\" srcset=\"https:\/\/www.tphasen.de\/wordpress\/wp-content\/uploads\/2019\/05\/IMG-0336.jpg 1000w, https:\/\/www.tphasen.de\/wordpress\/wp-content\/uploads\/2019\/05\/IMG-0336-300x200.jpg 300w, https:\/\/www.tphasen.de\/wordpress\/wp-content\/uploads\/2019\/05\/IMG-0336-768x512.jpg 768w\" sizes=\"auto, (max-width: 706px) 89vw, (max-width: 767px) 82vw, 740px\" \/><\/a><\/figure><\/li><li class=\"blocks-gallery-item\"><figure><a href=\"https:\/\/www.tphasen.de\/wordpress\/wp-content\/uploads\/2019\/05\/IMG-0332.jpg\"><img loading=\"lazy\" decoding=\"async\" width=\"1000\" height=\"667\" src=\"https:\/\/www.tphasen.de\/wordpress\/wp-content\/uploads\/2019\/05\/IMG-0332.jpg\" alt=\"\" data-id=\"86\" data-link=\"https:\/\/www.tphasen.de\/wordpress\/img-0332\/\" class=\"wp-image-86\" srcset=\"https:\/\/www.tphasen.de\/wordpress\/wp-content\/uploads\/2019\/05\/IMG-0332.jpg 1000w, https:\/\/www.tphasen.de\/wordpress\/wp-content\/uploads\/2019\/05\/IMG-0332-300x200.jpg 300w, https:\/\/www.tphasen.de\/wordpress\/wp-content\/uploads\/2019\/05\/IMG-0332-768x512.jpg 768w\" sizes=\"auto, (max-width: 706px) 89vw, (max-width: 767px) 82vw, 740px\" \/><\/a><\/figure><\/li><\/ul>\n\n\n\n<p>Unsere\n R\u00e4ume sollen die Kinder ermutigen, sich die Welt entdeckend zu \nerschlie\u00dfen. Die kindlichen T\u00e4tigkeiten werden durch verschiedene Themen\n zur Erforschung des Lernens und auch durch verschiedene Materialien \ngefordert und gef\u00f6rdert.<\/p>\n\n\n\n<ul class=\"wp-block-gallery columns-3 is-cropped wp-block-gallery-3 is-layout-flex wp-block-gallery-is-layout-flex\"><li class=\"blocks-gallery-item\"><figure><a href=\"https:\/\/www.tphasen.de\/wordpress\/wp-content\/uploads\/2019\/05\/IMG-0345.jpg\"><img loading=\"lazy\" decoding=\"async\" width=\"666\" height=\"1000\" src=\"https:\/\/www.tphasen.de\/wordpress\/wp-content\/uploads\/2019\/05\/IMG-0345.jpg\" alt=\"\" data-id=\"97\" data-link=\"https:\/\/www.tphasen.de\/wordpress\/img-0345\/\" class=\"wp-image-97\" srcset=\"https:\/\/www.tphasen.de\/wordpress\/wp-content\/uploads\/2019\/05\/IMG-0345.jpg 666w, https:\/\/www.tphasen.de\/wordpress\/wp-content\/uploads\/2019\/05\/IMG-0345-200x300.jpg 200w\" sizes=\"auto, (max-width: 666px) 100vw, 666px\" \/><\/a><\/figure><\/li><li class=\"blocks-gallery-item\"><figure><a href=\"https:\/\/www.tphasen.de\/wordpress\/wp-content\/uploads\/2019\/05\/IMG-0349.jpg\"><img loading=\"lazy\" decoding=\"async\" width=\"1000\" height=\"667\" src=\"https:\/\/www.tphasen.de\/wordpress\/wp-content\/uploads\/2019\/05\/IMG-0349.jpg\" alt=\"\" data-id=\"101\" data-link=\"https:\/\/www.tphasen.de\/wordpress\/img-0349\/\" class=\"wp-image-101\" srcset=\"https:\/\/www.tphasen.de\/wordpress\/wp-content\/uploads\/2019\/05\/IMG-0349.jpg 1000w, https:\/\/www.tphasen.de\/wordpress\/wp-content\/uploads\/2019\/05\/IMG-0349-300x200.jpg 300w, https:\/\/www.tphasen.de\/wordpress\/wp-content\/uploads\/2019\/05\/IMG-0349-768x512.jpg 768w\" sizes=\"auto, (max-width: 706px) 89vw, (max-width: 767px) 82vw, 740px\" \/><\/a><\/figure><\/li><li class=\"blocks-gallery-item\"><figure><a href=\"https:\/\/www.tphasen.de\/wordpress\/wp-content\/uploads\/2019\/05\/IMG-0347.jpg\"><img loading=\"lazy\" decoding=\"async\" width=\"1000\" height=\"667\" src=\"https:\/\/www.tphasen.de\/wordpress\/wp-content\/uploads\/2019\/05\/IMG-0347.jpg\" alt=\"\" data-id=\"99\" data-link=\"https:\/\/www.tphasen.de\/wordpress\/img-0347\/\" class=\"wp-image-99\" srcset=\"https:\/\/www.tphasen.de\/wordpress\/wp-content\/uploads\/2019\/05\/IMG-0347.jpg 1000w, https:\/\/www.tphasen.de\/wordpress\/wp-content\/uploads\/2019\/05\/IMG-0347-300x200.jpg 300w, https:\/\/www.tphasen.de\/wordpress\/wp-content\/uploads\/2019\/05\/IMG-0347-768x512.jpg 768w\" sizes=\"auto, (max-width: 706px) 89vw, (max-width: 767px) 82vw, 740px\" \/><\/a><\/figure><\/li><\/ul>\n","protected":false},"excerpt":{"rendered":"<p>Unsere KiTa bietet zwei helle und freundliche ebenerdige Gruppenr\u00e4ume mit direktem Zugang zum Au\u00dfengel\u00e4nde, welches zum Toben, Spielen, Buddeln, G\u00e4rtnern usw. einl\u00e4dt. F\u00fcr das kreative Spielen warten auf der Empore oberhalb der Gruppenr\u00e4ume zwei die Sinne ansprechende R\u00e4ume. Ebenfalls findet man oben f\u00fcr jede Gruppe einen Schlafraum mit Bettchen f\u00fcr unsere Hasen. Unsere R\u00e4ume sollen &hellip; <\/p>\n<p class=\"link-more\"><a href=\"https:\/\/www.tphasen.de\/wordpress\/tphasen-e-v\/konzeption\/raeumlichkeiten\/\" class=\"more-link\"><span class=\"screen-reader-text\">\u201eR\u00e4umlichkeiten\u201c<\/span> weiterlesen<\/a><\/p>\n","protected":false},"author":1,"featured_media":0,"parent":30,"menu_order":0,"comment_status":"closed","ping_status":"closed","template":"","meta":{"footnotes":""},"class_list":["post-71","page","type-page","status-publish","hentry"],"_links":{"self":[{"href":"https:\/\/www.tphasen.de\/wordpress\/wp-json\/wp\/v2\/pages\/71","targetHints":{"allow":["GET"]}}],"collection":[{"href":"https:\/\/www.tphasen.de\/wordpress\/wp-json\/wp\/v2\/pages"}],"about":[{"href":"https:\/\/www.tphasen.de\/wordpress\/wp-json\/wp\/v2\/types\/page"}],"author":[{"embeddable":true,"href":"https:\/\/www.tphasen.de\/wordpress\/wp-json\/wp\/v2\/users\/1"}],"replies":[{"embeddable":true,"href":"https:\/\/www.tphasen.de\/wordpress\/wp-json\/wp\/v2\/comments?post=71"}],"version-history":[{"count":7,"href":"https:\/\/www.tphasen.de\/wordpress\/wp-json\/wp\/v2\/pages\/71\/revisions"}],"predecessor-version":[{"id":116,"href":"https:\/\/www.tphasen.de\/wordpress\/wp-json\/wp\/v2\/pages\/71\/revisions\/116"}],"up":[{"embeddable":true,"href":"https:\/\/www.tphasen.de\/wordpress\/wp-json\/wp\/v2\/pages\/30"}],"wp:attachment":[{"href":"https:\/\/www.tphasen.de\/wordpress\/wp-json\/wp\/v2\/media?parent=71"}],"curies":[{"name":"wp","href":"https:\/\/api.w.org\/{rel}","templated":true}]}}